{"id":40,"date":"2023-07-18T18:41:22","date_gmt":"2023-07-18T17:41:22","guid":{"rendered":"https:\/\/lezhapark.com\/?page_id=40"},"modified":"2024-07-07T15:40:06","modified_gmt":"2024-07-07T14:40:06","slug":"home","status":"publish","type":"page","link":"https:\/\/lezhapark.com\/en\/","title":{"rendered":"Home"},"content":{"rendered":"<p>[et_pb_section fb_built=&#8221;1&#8243; fullwidth=&#8221;on&#8221; _builder_version=&#8221;4.11.1&#8243; _module_preset=&#8221;default&#8221; custom_margin=&#8221;-3px||||false|false&#8221; global_colors_info=&#8221;{}&#8221;][et_pb_fullwidth_header title=&#8221;Mir\u00ebsevini n\u00eb Lezha Park&#8221; button_one_text=&#8221;Shikoni menu-n\u00eb&#8221; button_one_url=&#8221;@ET-DC@eyJkeW5hbWljIjp0cnVlLCJjb250ZW50IjoicG9zdF9saW5rX3VybF9wYWdlIiwic2V0dGluZ3MiOnsicG9zdF9pZCI6IjExNyJ9fQ==@&#8221; _builder_version=&#8221;4.11.1&#8243; _dynamic_attributes=&#8221;button_one_url&#8221; _module_preset=&#8221;default&#8221; title_text_color=&#8221;#FFFFFF&#8221; content_text_color=&#8221;#FFFFFF&#8221; background_enable_color=&#8221;off&#8221; use_background_color_gradient=&#8221;on&#8221; background_color_gradient_start=&#8221;#8e1305&#8243; background_color_gradient_end=&#8221;rgba(41,196,169,0)&#8221; background_color_gradient_overlays_image=&#8221;on&#8221; background_image=&#8221;http:\/\/lezhapark.com\/wp-content\/uploads\/2024\/04\/ambienti-jashte2.jpg&#8221; custom_button_one=&#8221;on&#8221; button_one_text_color=&#8221;#0A0A0A&#8221; button_one_bg_color=&#8221;#FFFFFF&#8221; button_one_border_color=&#8221;#8e1305&#8243; button_one_border_radius=&#8221;0px&#8221; button_one_custom_margin=&#8221;200px||||false|false&#8221; height=&#8221;616px&#8221; global_colors_info=&#8221;{}&#8221; button_one_text_color__hover_enabled=&#8221;on|hover&#8221; button_one_text_color__hover=&#8221;#FFFFFF&#8221; button_one_bg_color__hover_enabled=&#8221;on|hover&#8221; button_one_bg_color__hover=&#8221;#8e1305&#8243; button_one_bg_enable_color__hover=&#8221;on&#8221; button_one_border_color__hover_enabled=&#8221;on|hover&#8221; button_one_border_color__hover=&#8221;#FFFFFF&#8221; button_one_border_radius__hover_enabled=&#8221;on|desktop&#8221; button_one_border_radius__hover=&#8221;12px&#8221;]<\/p>\n<p>We are dedicated to provide the best service and offer you an impressive convenience<\/p>\n<p>[\/et_pb_fullwidth_header][\/et_pb_section][et_pb_section fb_built=&#8221;1&#8243; specialty=&#8221;on&#8221; _builder_version=&#8221;4.11.1&#8243; _module_preset=&#8221;default&#8221; bottom_divider_style=&#8221;wave2&#8243; bottom_divider_color=&#8221;#ff7c2b&#8221; bottom_divider_height=&#8221;47px&#8221; global_colors_info=&#8221;{}&#8221;][et_pb_column type=&#8221;1_2&#8243; specialty_columns=&#8221;2&#8243; _builder_version=&#8221;3.25&#8243; custom_padding=&#8221;|||&#8221; global_colors_info=&#8221;{}&#8221; custom_padding__hover=&#8221;|||&#8221;][et_pb_row_inner _builder_version=&#8221;4.11.1&#8243; _module_preset=&#8221;default&#8221; custom_margin=&#8221;38px|||||&#8221; global_colors_info=&#8221;{}&#8221;][et_pb_column_inner saved_specialty_column_type=&#8221;1_2&#8243; _builder_version=&#8221;4.11.1&#8243; _module_preset=&#8221;default&#8221; global_colors_info=&#8221;{}&#8221;][et_pb_text _builder_version=&#8221;4.11.1&#8243; _module_preset=&#8221;default&#8221; header_font=&#8221;Montserrat|700|||||||&#8221; header_text_color=&#8221;#0A0A0A&#8221; header_font_size=&#8221;47px&#8221; header_4_font=&#8221;Montserrat|600|||||||&#8221; header_4_text_color=&#8221;#ff7c2b&#8221; custom_margin=&#8221;||5px|||&#8221; global_colors_info=&#8221;{}&#8221;]<\/p>\n<h4>SINCE 2003<\/h4>\n<h1>About Us<\/h1>\n<p>[\/et_pb_text][et_pb_divider color=&#8221;#0A0A0A&#8221; divider_style=&#8221;outset&#8221; divider_weight=&#8221;2px&#8221; _builder_version=&#8221;4.11.1&#8243; _module_preset=&#8221;default&#8221; custom_margin=&#8221;0px||17px||false|false&#8221; custom_padding=&#8221;0px||||false|false&#8221; global_colors_info=&#8221;{}&#8221;][\/et_pb_divider][et_pb_text _builder_version=&#8221;4.11.1&#8243; _module_preset=&#8221;default&#8221; text_text_color=&#8221;#001C30&#8243; custom_margin=&#8221;-5px|||||&#8221; global_colors_info=&#8221;{}&#8221;]<\/p>\n<p>Bar Caffe - Pizzeria \"Lezha Park\" was established in 2003, our priority is to give the customer the most pleasant experience with our special service. <\/p>\n<p>[\/et_pb_text][\/et_pb_column_inner][\/et_pb_row_inner][\/et_pb_column][et_pb_column type=&#8221;1_2&#8243; _builder_version=&#8221;3.25&#8243; custom_padding=&#8221;|||&#8221; global_colors_info=&#8221;{}&#8221; custom_padding__hover=&#8221;|||&#8221;][et_pb_gallery gallery_ids=&#8221;375,374,373,372,371,370&#8243; gallery_orderby=&#8221;rand&#8221; fullwidth=&#8221;on&#8221; _builder_version=&#8221;4.11.1&#8243; _module_preset=&#8221;default&#8221; custom_margin=&#8221;||30px||false|false&#8221; custom_padding=&#8221;||||false|false&#8221; child_filter_hue_rotate=&#8221;2deg&#8221; child_filter_saturate=&#8221;120%&#8221; child_filter_brightness=&#8221;104%&#8221; child_filter_contrast=&#8221;114%&#8221; child_filter_sepia=&#8221;24%&#8221; border_radii=&#8221;on|20px|20px|20px|20px&#8221; global_colors_info=&#8221;{}&#8221;][\/et_pb_gallery][\/et_pb_column][\/et_pb_section][et_pb_section fb_built=&#8221;1&#8243; specialty=&#8221;on&#8221; _builder_version=&#8221;4.11.1&#8243; _module_preset=&#8221;default&#8221; background_color=&#8221;#ff7c2b&#8221; bottom_divider_style=&#8221;mountains2&#8243; bottom_divider_color=&#8221;#002e9b&#8221; bottom_divider_height=&#8221;47px&#8221; global_colors_info=&#8221;{}&#8221;][et_pb_column type=&#8221;1_2&#8243; specialty_columns=&#8221;2&#8243; _builder_version=&#8221;3.25&#8243; custom_padding=&#8221;|||&#8221; global_colors_info=&#8221;{}&#8221; custom_padding__hover=&#8221;|||&#8221;][et_pb_row_inner _builder_version=&#8221;4.11.1&#8243; _module_preset=&#8221;default&#8221; custom_margin=&#8221;-4px|||||&#8221; custom_padding=&#8221;12px|||||&#8221; global_colors_info=&#8221;{}&#8221;][et_pb_column_inner saved_specialty_column_type=&#8221;1_2&#8243; _builder_version=&#8221;4.11.1&#8243; _module_preset=&#8221;default&#8221; global_colors_info=&#8221;{}&#8221;][et_pb_text _builder_version=&#8221;4.11.1&#8243; _module_preset=&#8221;default&#8221; header_font=&#8221;Montserrat|700|||||||&#8221; header_text_color=&#8221;#FFFFFF&#8221; header_font_size=&#8221;47px&#8221; header_3_font=&#8221;|600|||||||&#8221; header_3_text_color=&#8221;#FFFFFF&#8221; header_3_font_size=&#8221;19px&#8221; header_4_font=&#8221;Montserrat|600|||||||&#8221; header_4_text_color=&#8221;#7a7a7a&#8221; custom_margin=&#8221;||5px|||&#8221; global_colors_info=&#8221;{}&#8221;]<\/p>\n<h3>Lezha Park<\/h3>\n<h1>Pizzeria<\/h1>\n<p>[\/et_pb_text][et_pb_divider color=&#8221;#FFFFFF&#8221; divider_style=&#8221;outset&#8221; divider_weight=&#8221;2px&#8221; _builder_version=&#8221;4.11.1&#8243; _module_preset=&#8221;default&#8221; custom_margin=&#8221;0px||17px||false|false&#8221; custom_padding=&#8221;0px||||false|false&#8221; global_colors_info=&#8221;{}&#8221;][\/et_pb_divider][et_pb_text _builder_version=&#8221;4.11.1&#8243; _module_preset=&#8221;default&#8221; text_text_color=&#8221;#FFFFFF&#8221; custom_margin=&#8221;-5px|||||&#8221; global_colors_info=&#8221;{}&#8221;]<\/p>\n<p>Our pizzas cooked with Italian products and baked in a wood oven have a perfect taste not to be missed.<\/p>\n<p>[\/et_pb_text][\/et_pb_column_inner][\/et_pb_row_inner][\/et_pb_column][et_pb_column type=&#8221;1_2&#8243; _builder_version=&#8221;3.25&#8243; custom_padding=&#8221;|||&#8221; global_colors_info=&#8221;{}&#8221; custom_padding__hover=&#8221;|||&#8221;][et_pb_gallery gallery_ids=&#8221;375,374,371,370&#8243; fullwidth=&#8221;on&#8221; _builder_version=&#8221;4.11.1&#8243; _module_preset=&#8221;default&#8221; custom_margin=&#8221;||67px||false|false&#8221; custom_padding=&#8221;||||false|false&#8221; child_filter_hue_rotate=&#8221;2deg&#8221; child_filter_saturate=&#8221;120%&#8221; child_filter_brightness=&#8221;104%&#8221; child_filter_contrast=&#8221;114%&#8221; child_filter_sepia=&#8221;24%&#8221; border_radii=&#8221;on|20px|20px|20px|20px&#8221; global_colors_info=&#8221;{}&#8221;][\/et_pb_gallery][\/et_pb_column][\/et_pb_section][et_pb_section fb_built=&#8221;1&#8243; _builder_version=&#8221;4.11.1&#8243; _module_preset=&#8221;default&#8221; background_color=&#8221;#002e9b&#8221; bottom_divider_style=&#8221;mountains2&#8243; bottom_divider_color=&#8221;#32a84c&#8221; bottom_divider_height=&#8221;49px&#8221; global_colors_info=&#8221;{}&#8221;][et_pb_row column_structure=&#8221;1_2,1_2&#8243; _builder_version=&#8221;4.11.1&#8243; _module_preset=&#8221;default&#8221; global_colors_info=&#8221;{}&#8221;][et_pb_column type=&#8221;1_2&#8243; _builder_version=&#8221;4.11.1&#8243; _module_preset=&#8221;default&#8221; global_colors_info=&#8221;{}&#8221;][et_pb_text _builder_version=&#8221;4.11.1&#8243; _module_preset=&#8221;default&#8221; header_font=&#8221;Montserrat|700|||||||&#8221; header_text_color=&#8221;#FFFFFF&#8221; header_font_size=&#8221;47px&#8221; header_3_font=&#8221;|600|||||||&#8221; header_3_text_color=&#8221;#FFFFFF&#8221; header_3_font_size=&#8221;19px&#8221; header_4_font=&#8221;Montserrat|600|||||||&#8221; header_4_text_color=&#8221;#7a7a7a&#8221; custom_margin=&#8221;||5px|||&#8221; locked=&#8221;off&#8221; global_colors_info=&#8221;{}&#8221;]<\/p>\n<h3>Lezha Park<\/h3>\n<h1>Car Wash<\/h1>\n<p>[\/et_pb_text][et_pb_divider color=&#8221;#FFFFFF&#8221; divider_style=&#8221;outset&#8221; divider_weight=&#8221;2px&#8221; _builder_version=&#8221;4.11.1&#8243; _module_preset=&#8221;default&#8221; custom_margin=&#8221;0px||17px||false|false&#8221; custom_padding=&#8221;0px||||false|false&#8221; locked=&#8221;off&#8221; global_colors_info=&#8221;{}&#8221;][\/et_pb_divider][et_pb_text _builder_version=&#8221;4.11.1&#8243; _module_preset=&#8221;default&#8221; text_text_color=&#8221;#FFFFFF&#8221; custom_margin=&#8221;-5px|||||&#8221; locked=&#8221;off&#8221; global_colors_info=&#8221;{}&#8221;]<\/p>\n<p>In Lezha Park, while enjoying your coffee you can get your car washed.<\/p>\n<p>[\/et_pb_text][\/et_pb_column][et_pb_column type=&#8221;1_2&#8243; _builder_version=&#8221;4.11.1&#8243; _module_preset=&#8221;default&#8221; global_colors_info=&#8221;{}&#8221;][et_pb_image src=&#8221;http:\/\/lezhapark.com\/wp-content\/uploads\/2024\/04\/ambienti-jashte.jpg&#8221; title_text=&#8221;ambienti-jashte&#8221; _builder_version=&#8221;4.11.1&#8243; _module_preset=&#8221;default&#8221; width=&#8221;90%&#8221; module_alignment=&#8221;center&#8221; border_radii=&#8221;on|20px|20px|20px|20px&#8221; global_colors_info=&#8221;{}&#8221;][\/et_pb_image][\/et_pb_column][\/et_pb_row][\/et_pb_section][et_pb_section fb_built=&#8221;1&#8243; fullwidth=&#8221;on&#8221; _builder_version=&#8221;4.11.1&#8243; _module_preset=&#8221;default&#8221; custom_margin=&#8221;-3px||||false|false&#8221; locked=&#8221;off&#8221; global_colors_info=&#8221;{}&#8221;][et_pb_fullwidth_header title=&#8221;Stacion elektrik p\u00ebr karikimin e makinave elektrike&#8221; subhead=&#8221;Lezha Park&#8221; button_one_url=&#8221;tel:+355 69 202 0604&#8243; button_two_url=&#8221;@ET-DC@eyJkeW5hbWljIjp0cnVlLCJjb250ZW50IjoicG9zdF9saW5rX3VybF9wYWdlIiwic2V0dGluZ3MiOnsicG9zdF9pZCI6IjQ3OSJ9fQ==@&#8221; image_orientation=&#8221;bottom&#8221; _builder_version=&#8221;4.11.1&#8243; _dynamic_attributes=&#8221;button_two_url&#8221; _module_preset=&#8221;default&#8221; title_font=&#8221;|700|||||||&#8221; title_text_color=&#8221;#FFFFFF&#8221; title_font_size=&#8221;36px&#8221; content_text_color=&#8221;#FFFFFF&#8221; subhead_font=&#8221;|700|||||||&#8221; background_enable_color=&#8221;off&#8221; use_background_color_gradient=&#8221;on&#8221; background_color_gradient_start=&#8221;#32a84c&#8221; background_color_gradient_end=&#8221;rgba(41,196,169,0)&#8221; background_color_gradient_overlays_image=&#8221;on&#8221; background_image=&#8221;http:\/\/lezhapark.com\/wp-content\/uploads\/2024\/04\/ambienti-jashte2.jpg&#8221; custom_button_one=&#8221;on&#8221; custom_button_two=&#8221;on&#8221; button_two_text_size=&#8221;17px&#8221; button_two_text_color=&#8221;#0A0A0A&#8221; button_two_bg_color=&#8221;#FFFFFF&#8221; button_two_border_color=&#8221;#8E1305&#8243; button_two_border_radius=&#8221;0px&#8221; width=&#8221;100%&#8221; height=&#8221;616px&#8221; hover_enabled=&#8221;0&#8243; global_colors_info=&#8221;{}&#8221; sticky_enabled=&#8221;0&#8243;][\/et_pb_fullwidth_header][\/et_pb_section]<\/p>","protected":false},"excerpt":{"rendered":"<p>Ne jemi t\u00eb dedikuar p\u00ebr t\u00eb ofruar sh\u00ebrbimin m\u00eb t\u00eb mir\u00eb dhe tu ofrojm\u00eb nj\u00eb komoditet mbres\u00ebl\u00ebn\u00ebsSINCE 2003 Rreth NeshBar Caffe &#8211; Pizzeria &#8220;Lezha Park&#8221; \u00ebsht\u00eb themeluar n\u00eb vitin 2003, prioriteti yn\u00eb \u00ebsht\u00eb ti japim klientit nj\u00eb eksperienc\u00eb sa m\u00eb t\u00eb k\u00ebndshme me sh\u00ebrbimin ton\u00eb t\u00eb ve\u00e7ant\u00eb. Lezha Park PizzeriaPicat tona t\u00eb gatuara me produkte [&hellip;]<\/p>","protected":false},"author":1,"featured_media":0,"parent":0,"menu_order":0,"comment_status":"closed","ping_status":"closed","template":"","meta":{"_et_pb_use_builder":"on","_et_pb_old_content":"","_et_gb_content_width":"","footnotes":""},"_links":{"self":[{"href":"https:\/\/lezhapark.com\/en\/wp-json\/wp\/v2\/pages\/40"}],"collection":[{"href":"https:\/\/lezhapark.com\/en\/wp-json\/wp\/v2\/pages"}],"about":[{"href":"https:\/\/lezhapark.com\/en\/wp-json\/wp\/v2\/types\/page"}],"author":[{"embeddable":true,"href":"https:\/\/lezhapark.com\/en\/wp-json\/wp\/v2\/users\/1"}],"replies":[{"embeddable":true,"href":"https:\/\/lezhapark.com\/en\/wp-json\/wp\/v2\/comments?post=40"}],"version-history":[{"count":32,"href":"https:\/\/lezhapark.com\/en\/wp-json\/wp\/v2\/pages\/40\/revisions"}],"predecessor-version":[{"id":580,"href":"https:\/\/lezhapark.com\/en\/wp-json\/wp\/v2\/pages\/40\/revisions\/580"}],"wp:attachment":[{"href":"https:\/\/lezhapark.com\/en\/wp-json\/wp\/v2\/media?parent=40"}],"curies":[{"name":"wp","href":"https:\/\/api.w.org\/{rel}","templated":true}]}}