{"id":515,"date":"2024-04-29T14:20:42","date_gmt":"2024-04-29T13:20:42","guid":{"rendered":"https:\/\/lezhapark.com\/?page_id=515"},"modified":"2024-05-21T18:30:45","modified_gmt":"2024-05-21T17:30:45","slug":"tabachino","status":"publish","type":"page","link":"https:\/\/lezhapark.com\/en\/tabachino\/","title":{"rendered":"Tabachino"},"content":{"rendered":"<p>[et_pb_section fb_built=&#8221;1&#8243; _builder_version=&#8221;4.11.1&#8243; _module_preset=&#8221;default&#8221; custom_padding=&#8221;0px||0px|||&#8221; global_colors_info=&#8221;{}&#8221;][et_pb_row column_structure=&#8221;1_4,1_4,1_4,1_4&#8243; module_class=&#8221;two-col-mob&#8221; _builder_version=&#8221;4.11.1&#8243; _module_preset=&#8221;default&#8221; custom_padding=&#8221;0px||0px||false|false&#8221; global_colors_info=&#8221;{}&#8221;][et_pb_column type=&#8221;1_4&#8243; _builder_version=&#8221;4.11.1&#8243; _module_preset=&#8221;default&#8221; global_colors_info=&#8221;{}&#8221;][et_pb_blurb title=&#8221;Kategorit\u00eb&#8221; image=&#8221;http:\/\/lezhapark.com\/wp-content\/uploads\/2024\/04\/icons8-back-48.png&#8221; icon_placement=&#8221;left&#8221; image_max_width=&#8221;64%&#8221; _builder_version=&#8221;4.11.1&#8243; _dynamic_attributes=&#8221;link_option_url&#8221; _module_preset=&#8221;default&#8221; header_level=&#8221;h2&#8243; header_font=&#8221;|600|||||||&#8221; header_font_size=&#8221;14px&#8221; header_line_height=&#8221;1.6em&#8221; background_color=&#8221;#FFFFFF&#8221; custom_margin=&#8221;||||false|false&#8221; custom_padding=&#8221;10px|0px|||false|false&#8221; link_option_url=&#8221;@ET-DC@eyJkeW5hbWljIjp0cnVlLCJjb250ZW50IjoicG9zdF9saW5rX3VybF9wYWdlIiwic2V0dGluZ3MiOnsicG9zdF9pZCI6IjExNyJ9fQ==@&#8221; sticky_position=&#8221;top&#8221; border_radii=&#8221;off|||10px|10px&#8221; box_shadow_style=&#8221;preset2&#8243; box_shadow_horizontal=&#8221;-3px&#8221; box_shadow_blur=&#8221;25px&#8221; box_shadow_spread=&#8221;-7px&#8221; global_colors_info=&#8221;{}&#8221;][\/et_pb_blurb][\/et_pb_column][et_pb_column type=&#8221;1_4&#8243; _builder_version=&#8221;4.11.1&#8243; _module_preset=&#8221;default&#8221; global_colors_info=&#8221;{}&#8221;][\/et_pb_column][et_pb_column type=&#8221;1_4&#8243; _builder_version=&#8221;4.11.1&#8243; _module_preset=&#8221;default&#8221; global_colors_info=&#8221;{}&#8221;][\/et_pb_column][et_pb_column type=&#8221;1_4&#8243; _builder_version=&#8221;4.11.1&#8243; _module_preset=&#8221;default&#8221; global_colors_info=&#8221;{}&#8221;][\/et_pb_column][\/et_pb_row][\/et_pb_section][et_pb_section fb_built=&#8221;1&#8243; fullwidth=&#8221;on&#8221; _builder_version=&#8221;4.11.1&#8243; _module_preset=&#8221;default&#8221; custom_margin=&#8221;-80px||||false|false&#8221; custom_padding=&#8221;0px||||false|false&#8221; bottom_divider_style=&#8221;wave2&#8243; bottom_divider_color=&#8221;#FFFFFF&#8221; bottom_divider_height=&#8221;43px&#8221; global_colors_info=&#8221;{}&#8221;][et_pb_fullwidth_header title=&#8221;Tabachino&#8221; _builder_version=&#8221;4.11.1&#8243; _module_preset=&#8221;default&#8221; title_font=&#8221;|700|||||||&#8221; title_text_align=&#8221;center&#8221; content_line_height=&#8221;1.8em&#8221; background_enable_color=&#8221;off&#8221; use_background_color_gradient=&#8221;on&#8221; background_color_gradient_start=&#8221;rgba(142,19,5,0.67)&#8221; background_color_gradient_end=&#8221;rgba(255,193,0,0.27)&#8221; background_color_gradient_overlays_image=&#8221;on&#8221; background_image=&#8221;http:\/\/lezhapark.com\/wp-content\/uploads\/2024\/04\/ambienti-jashte2.jpg&#8221; background_position=&#8221;bottom_right&#8221; height=&#8221;202px&#8221; global_colors_info=&#8221;{}&#8221;][\/et_pb_fullwidth_header][\/et_pb_section][et_pb_section fb_built=&#8221;1&#8243; _builder_version=&#8221;4.11.1&#8243; _module_preset=&#8221;default&#8221; use_background_color_gradient=&#8221;on&#8221; background_color_gradient_start=&#8221;rgba(0,0,0,0)&#8221; background_color_gradient_end=&#8221;rgba(155,71,88,0.23)&#8221; custom_padding=&#8221;||68px|||&#8221; bottom_divider_height=&#8221;47px&#8221; locked=&#8221;off&#8221; global_colors_info=&#8221;{}&#8221;][et_pb_row column_structure=&#8221;3_4,1_4&#8243; module_class=&#8221;two-columns-mobile&#8221; _builder_version=&#8221;4.11.1&#8243; _module_preset=&#8221;default&#8221; custom_padding=&#8221;7px||18px|||&#8221; locked=&#8221;off&#8221; global_colors_info=&#8221;{}&#8221;][et_pb_column type=&#8221;3_4&#8243; _builder_version=&#8221;4.11.1&#8243; _module_preset=&#8221;default&#8221; global_colors_info=&#8221;{}&#8221;][et_pb_text _builder_version=&#8221;4.11.1&#8243; _module_preset=&#8221;default&#8221; text_font=&#8221;|600|||||||&#8221; text_text_color=&#8221;#FF8A08&#8243; text_font_size=&#8221;17px&#8221; text_line_height=&#8221;1em&#8221; header_2_font=&#8221;|700|||||||&#8221; header_2_text_color=&#8221;#FF6500&#8243; header_2_font_size=&#8221;29px&#8221; custom_margin=&#8221;||-11px||false|false&#8221; global_colors_info=&#8221;{}&#8221;]<\/p>\n<h2>Tabachino<\/h2>\n<p>[\/et_pb_text][\/et_pb_column][et_pb_column type=&#8221;1_4&#8243; _builder_version=&#8221;4.11.1&#8243; _module_preset=&#8221;default&#8221; global_colors_info=&#8221;{}&#8221;][\/et_pb_column][\/et_pb_row][et_pb_row _builder_version=&#8221;4.11.1&#8243; _module_preset=&#8221;default&#8221; width=&#8221;88%&#8221; global_colors_info=&#8221;{}&#8221;][et_pb_column type=&#8221;4_4&#8243; _builder_version=&#8221;4.11.1&#8243; _module_preset=&#8221;default&#8221; global_colors_info=&#8221;{}&#8221;][et_pb_text _builder_version=&#8221;4.11.1&#8243; _module_preset=&#8221;default&#8221; text_font=&#8221;|600|||||||&#8221; text_text_color=&#8221;#606060&#8243; text_line_height=&#8221;1em&#8221; header_font=&#8221;|700|||||||&#8221; header_4_font=&#8221;|600|||||||&#8221; header_4_text_align=&#8221;right&#8221; header_4_text_color=&#8221;#8E1305&#8243; header_4_font_size=&#8221;15px&#8221; global_colors_info=&#8221;{}&#8221;]<\/p>\n<p>Miro<\/p>\n<h4>1200 Lek\u00eb<\/h4>\n<p>Camacho<\/p>\n<h4>1300 Lek\u00eb<\/h4>\n<p>Gurkha<\/p>\n<h4>2200 Lek\u00eb<\/h4>\n<p>Oliva Reserva<\/p>\n<h4>1500 Lek\u00eb<\/h4>\n<p>Zino Davidoff<\/p>\n<h4>800 Lek\u00eb<\/h4>\n<p>Machetero Short<\/p>\n<h4>500 Lek\u00eb<\/h4>\n<p>Davidoff Special<\/p>\n<h4>2700 Lek\u00eb<\/h4>\n<p>Toscanello Caffe<\/p>\n<h4>850 Lek\u00eb<\/h4>\n<p>Slims<\/p>\n<h4>300 Lek\u00eb<\/h4>\n<p>Marlboro 4<\/p>\n<h4>350 Lek\u00eb<\/h4>\n<p>Marlboro Gold<\/p>\n<h4>400 Lek\u00eb<\/h4>\n<p>Toscanello Machiato<\/p>\n<h4><\/h4>\n<h4>850 Lek\u00eb<\/h4>\n<p>[\/et_pb_text][et_pb_text _builder_version=&#8221;4.11.1&#8243; _module_preset=&#8221;default&#8221; link_option_url=&#8221;@ET-DC@eyJkeW5hbWljIjp0cnVlLCJjb250ZW50IjoicG9zdF9saW5rX3VybF9wYWdlIiwic2V0dGluZ3MiOnsicG9zdF9pZCI6IjExNyJ9fQ==@&#8221; _dynamic_attributes=&#8221;link_option_url&#8221; text_text_color=&#8221;#8E1305&#8243; text_font=&#8221;|700|||||||solid&#8221; text_font_size=&#8221;15px&#8221; text_line_height=&#8221;1.8em&#8221; text_orientation=&#8221;center&#8221; hover_enabled=&#8221;0&#8243; sticky_enabled=&#8221;0&#8243; locked=&#8221;off&#8221;]<\/p>\n<p>\u2190 Shiko kategorit\u00eb tjera<\/p>\n<p>[\/et_pb_text][\/et_pb_column][\/et_pb_row][\/et_pb_section]<\/p>","protected":false},"excerpt":{"rendered":"<p>TabachinoMiro 1200 Lek\u00eb Camacho 1300 Lek\u00eb Gurkha 2200 Lek\u00eb Oliva Reserva 1500 Lek\u00eb Zino Davidoff 800 Lek\u00eb Machetero Short 500 Lek\u00eb Davidoff Special 2700 Lek\u00eb Toscanello Caffe 850 Lek\u00eb Slims 300 Lek\u00eb Marlboro 4 350 Lek\u00eb Marlboro Gold 400 Lek\u00eb Toscanello Machiato 850 Lek\u00eb\u2190 Shiko kategorit\u00eb tjera<\/p>","protected":false},"author":1,"featured_media":0,"parent":0,"menu_order":0,"comment_status":"closed","ping_status":"closed","template":"","meta":{"_et_pb_use_builder":"on","_et_pb_old_content":"","_et_gb_content_width":"","footnotes":""},"_links":{"self":[{"href":"https:\/\/lezhapark.com\/en\/wp-json\/wp\/v2\/pages\/515"}],"collection":[{"href":"https:\/\/lezhapark.com\/en\/wp-json\/wp\/v2\/pages"}],"about":[{"href":"https:\/\/lezhapark.com\/en\/wp-json\/wp\/v2\/types\/page"}],"author":[{"embeddable":true,"href":"https:\/\/lezhapark.com\/en\/wp-json\/wp\/v2\/users\/1"}],"replies":[{"embeddable":true,"href":"https:\/\/lezhapark.com\/en\/wp-json\/wp\/v2\/comments?post=515"}],"version-history":[{"count":4,"href":"https:\/\/lezhapark.com\/en\/wp-json\/wp\/v2\/pages\/515\/revisions"}],"predecessor-version":[{"id":578,"href":"https:\/\/lezhapark.com\/en\/wp-json\/wp\/v2\/pages\/515\/revisions\/578"}],"wp:attachment":[{"href":"https:\/\/lezhapark.com\/en\/wp-json\/wp\/v2\/media?parent=515"}],"curies":[{"name":"wp","href":"https:\/\/api.w.org\/{rel}","templated":true}]}}