{"id":547,"date":"2024-05-02T13:02:54","date_gmt":"2024-05-02T12:02:54","guid":{"rendered":"https:\/\/lezhapark.com\/?page_id=547"},"modified":"2024-07-07T15:41:15","modified_gmt":"2024-07-07T14:41:15","slug":"currency-converter","status":"publish","type":"page","link":"https:\/\/lezhapark.com\/en\/currency-converter\/","title":{"rendered":"Currency Converter"},"content":{"rendered":"<p>[et_pb_section fb_built=&#8221;1&#8243; _builder_version=&#8221;4.11.1&#8243; _module_preset=&#8221;default&#8221; use_background_color_gradient=&#8221;on&#8221; background_color_gradient_start=&#8221;#8e1305&#8243; background_color_gradient_end=&#8221;#0a0a0a&#8221; background_color_gradient_type=&#8221;radial&#8221; background_color_gradient_direction_radial=&#8221;top left&#8221; background_color_gradient_overlays_image=&#8221;on&#8221; background_image=&#8221;https:\/\/lezhapark.com\/wp-content\/uploads\/2024\/04\/ambienti.jpg&#8221; global_colors_info=&#8221;{}&#8221;][et_pb_row _builder_version=&#8221;4.11.1&#8243; _module_preset=&#8221;default&#8221; global_colors_info=&#8221;{}&#8221;][et_pb_column type=&#8221;4_4&#8243; _builder_version=&#8221;4.11.1&#8243; _module_preset=&#8221;default&#8221; global_colors_info=&#8221;{}&#8221;][et_pb_text _builder_version=&#8221;4.11.1&#8243; _module_preset=&#8221;default&#8221; text_text_color=&#8221;#FFFFFF&#8221; header_font=&#8221;Almarai|700|||||||&#8221; header_text_color=&#8221;#FFFFFF&#8221; header_font_size=&#8221;26px&#8221; header_letter_spacing=&#8221;4px&#8221; global_colors_info=&#8221;{}&#8221;]<\/p>\n<h1>EURO TO LEK<\/h1>\n<p>1 Euro k\u00ebmbehet me 98 Lek\u00eb<\/p>\n<h1><\/h1>\n<h1><\/h1>\n<h1><\/h1>\n<h1>US DOLLAR TO LEK<\/h1>\n<p>1 Dollar is equal with 0.80 Lek<\/p>\n<p>&nbsp;<\/p>\n<h1>POUND IN LEK<\/h1>\n<p>1 Pound is equal with 112 Lek<\/p>\n<p>&nbsp;<\/p>\n<p>&nbsp;<\/p>\n<p>[\/et_pb_text][\/et_pb_column][\/et_pb_row][\/et_pb_section]<\/p>","protected":false},"excerpt":{"rendered":"<p>EURO N\u00cb LEK\u00cb 1 Euro k\u00ebmbehet me 98 Lek\u00eb US DOLLAR N\u00cb LEK\u00cb 1 Dollar k\u00ebmbehet me 0.80 Lek\u00eb &nbsp; PAUND N\u00cb LEK\u00cb 1 Paund k\u00ebmbehet me 112 Lek\u00eb &nbsp; &nbsp;<\/p>","protected":false},"author":1,"featured_media":0,"parent":0,"menu_order":0,"comment_status":"closed","ping_status":"closed","template":"","meta":{"_et_pb_use_builder":"on","_et_pb_old_content":"","_et_gb_content_width":"","footnotes":""},"_links":{"self":[{"href":"https:\/\/lezhapark.com\/en\/wp-json\/wp\/v2\/pages\/547"}],"collection":[{"href":"https:\/\/lezhapark.com\/en\/wp-json\/wp\/v2\/pages"}],"about":[{"href":"https:\/\/lezhapark.com\/en\/wp-json\/wp\/v2\/types\/page"}],"author":[{"embeddable":true,"href":"https:\/\/lezhapark.com\/en\/wp-json\/wp\/v2\/users\/1"}],"replies":[{"embeddable":true,"href":"https:\/\/lezhapark.com\/en\/wp-json\/wp\/v2\/comments?post=547"}],"version-history":[{"count":5,"href":"https:\/\/lezhapark.com\/en\/wp-json\/wp\/v2\/pages\/547\/revisions"}],"predecessor-version":[{"id":581,"href":"https:\/\/lezhapark.com\/en\/wp-json\/wp\/v2\/pages\/547\/revisions\/581"}],"wp:attachment":[{"href":"https:\/\/lezhapark.com\/en\/wp-json\/wp\/v2\/media?parent=547"}],"curies":[{"name":"wp","href":"https:\/\/api.w.org\/{rel}","templated":true}]}}