{"id":582,"date":"2024-07-07T15:44:19","date_gmt":"2024-07-07T14:44:19","guid":{"rendered":"https:\/\/lezhapark.com\/?page_id=582"},"modified":"2024-07-07T15:52:07","modified_gmt":"2024-07-07T14:52:07","slug":"kontakt","status":"publish","type":"page","link":"https:\/\/lezhapark.com\/en\/kontakt\/","title":{"rendered":"Kontakt"},"content":{"rendered":"<p>[et_pb_section fb_built=&#8221;1&#8243; _builder_version=&#8221;4.11.1&#8243; _module_preset=&#8221;default&#8221; title_text=&#8221;ambienti-jashte2&#8243; background_image=&#8221;https:\/\/lezhapark.com\/wp-content\/uploads\/2024\/04\/ambienti-jashte2.jpg&#8221; background_enable_color=&#8221;off&#8221; use_background_color_gradient=&#8221;on&#8221; background_color_gradient_overlays_image=&#8221;on&#8221; background_color_gradient_start=&#8221;#8e1305&#8243; background_color_gradient_end=&#8221;#0a0a0a&#8221; background_color_gradient_direction=&#8221;288deg&#8221; background_color_gradient_start_position=&#8221;37%&#8221; hover_enabled=&#8221;0&#8243; sticky_enabled=&#8221;0&#8243;][et_pb_row _builder_version=&#8221;4.11.1&#8243; _module_preset=&#8221;default&#8221;][et_pb_column _builder_version=&#8221;4.11.1&#8243; _module_preset=&#8221;default&#8221; type=&#8221;4_4&#8243;][et_pb_text _builder_version=&#8221;4.11.1&#8243; _module_preset=&#8221;default&#8221; hover_enabled=&#8221;0&#8243; sticky_enabled=&#8221;0&#8243; header_text_color=&#8221;#FFFFFF&#8221; header_font=&#8221;|700|||||||&#8221; text_text_color=&#8221;#FFFFFF&#8221; link_text_color=&#8221;#D3D3D3&#8243;]<\/p>\n<h1>Booking a table<\/h1>\n<p>If you wish to book a table or an event you will need to contact this number<a href=\"tel: 355 69 202 0604\">\u00a0+355 69 202 0604<\/a><\/p>\n<p>&nbsp;<\/p>\n<p>[\/et_pb_text][\/et_pb_column][\/et_pb_row][\/et_pb_section]<\/p>","protected":false},"excerpt":{"rendered":"<p>Rezervimet N\u00eb nevoj\u00eb t\u00eb nj\u00eb rezervimi t\u00eb tavolin\u00ebs apo eventi mund t\u00eb kontaktoni k\u00ebt\u00eb num\u00ebr\u00a0+355 69 202 0604 &nbsp;<\/p>","protected":false},"author":1,"featured_media":0,"parent":0,"menu_order":0,"comment_status":"closed","ping_status":"closed","template":"","meta":{"_et_pb_use_builder":"on","_et_pb_old_content":"","_et_gb_content_width":"","footnotes":""},"_links":{"self":[{"href":"https:\/\/lezhapark.com\/en\/wp-json\/wp\/v2\/pages\/582"}],"collection":[{"href":"https:\/\/lezhapark.com\/en\/wp-json\/wp\/v2\/pages"}],"about":[{"href":"https:\/\/lezhapark.com\/en\/wp-json\/wp\/v2\/types\/page"}],"author":[{"embeddable":true,"href":"https:\/\/lezhapark.com\/en\/wp-json\/wp\/v2\/users\/1"}],"replies":[{"embeddable":true,"href":"https:\/\/lezhapark.com\/en\/wp-json\/wp\/v2\/comments?post=582"}],"version-history":[{"count":3,"href":"https:\/\/lezhapark.com\/en\/wp-json\/wp\/v2\/pages\/582\/revisions"}],"predecessor-version":[{"id":586,"href":"https:\/\/lezhapark.com\/en\/wp-json\/wp\/v2\/pages\/582\/revisions\/586"}],"wp:attachment":[{"href":"https:\/\/lezhapark.com\/en\/wp-json\/wp\/v2\/media?parent=582"}],"curies":[{"name":"wp","href":"https:\/\/api.w.org\/{rel}","templated":true}]}}